{"id":137,"date":"2012-02-21T15:32:23","date_gmt":"2012-02-21T15:32:23","guid":{"rendered":"https:\/\/esongsentertainment.com\/site\/?page_id=137"},"modified":"2012-07-20T23:23:17","modified_gmt":"2012-07-20T23:23:17","slug":"youtube","status":"publish","type":"page","link":"https:\/\/esongsentertainment.com\/en\/youtube\/","title":{"rendered":"Youtube"},"content":{"rendered":"<h3><img fetchpriority=\"high\" decoding=\"async\" class=\"aligncenter size-full wp-image-78\" title=\"recursos\" src=\"https:\/\/esongsentertainment.com\/site\/wp-content\/uploads\/2011\/09\/recursos.jpg\" alt=\"\" width=\"619\" height=\"187\" srcset=\"https:\/\/esongsentertainment.com\/wp-content\/uploads\/2011\/09\/recursos.jpg 619w, https:\/\/esongsentertainment.com\/wp-content\/uploads\/2011\/09\/recursos-300x90.jpg 300w\" sizes=\"(max-width: 619px) 100vw, 619px\" \/><\/h3>\n<p>&nbsp;<\/p>\n<h4>COMPRA visitas en YouTube<\/h4>\n<h5>AUMENTAR visitas en YouTube y obtener m\u00e1s tr\u00e1fico\u00a0en los VIDEOS Y COMENTARIOS<\/h5>\n<ul>\n<li>5.000 Visitas en YouTube $ 40<\/li>\n<li>10.000 Visitas en YouTube $ 54<\/li>\n<li>20.000 Visitas en YouTube $ 108<\/li>\n<li>25.000 Visitas en YouTube $ 132<\/li>\n<li>50.000 Visitas en YouTube $ 264<\/li>\n<li>100.000 Visitas en YouTube $ 447<\/li>\n<\/ul>\n<p>&nbsp;<br \/>\n<center><\/p>\n<form action=\"https:\/\/www.paypal.com\/cgi-bin\/webscr\" method=\"post\" data-trp-original-action=\"https:\/\/www.paypal.com\/cgi-bin\/webscr\">\n<input type=\"hidden\" name=\"cmd\" value=\"_s-xclick\"><br \/>\n<input type=\"hidden\" name=\"hosted_button_id\" value=\"ER5W3YMPDJ6ZJ\"><\/p>\n<table>\n<tr>\n<td><input type=\"hidden\" name=\"on0\" value=\"COMPRA VISITAS EN YOUTUBE\">COMPRA VISITAS EN YOUTUBE<\/td>\n<\/tr>\n<tr>\n<td><select name=\"os0\"><option value=\"5.000 Visitas en YouTube\">5.000 Visitas en YouTube$40.00 USD<\/option><option value=\"10.000 Visitas en YouTube\">10.000 Visitas en YouTube$54.00 USD<\/option><option value=\"20.000 Visitas en YouTube\">20.000 Visitas en YouTube$108.00 USD<\/option><option value=\"25.000 Visitas en YouTube\">25.000 Visitas en YouTube$132.00 USD<\/option><option value=\"50.000 Visitas en YouTube\">50.000 Visitas en YouTube$264.00 USD<\/option><option value=\"100.000 Visitas en YouTube\">100.000 Visitas en YouTube$447.00 USD<\/option><\/select> <\/td>\n<\/tr>\n<\/table>\n<p><input type=\"hidden\" name=\"currency_code\" value=\"USD\"><br \/>\n<input type=\"image\" src=\"https:\/\/www.paypalobjects.com\/es_XC\/i\/btn\/btn_buynowCC_LG.gif\" border=\"0\" name=\"submit\" alt=\"PayPal, la forma m\u00e1s segura y r\u00e1pida de pagar en l\u00ednea.\"><br \/>\n<img decoding=\"async\" alt=\"\" border=\"0\" src=\"https:\/\/www.paypalobjects.com\/es_XC\/i\/scr\/pixel.gif\" width=\"1\" height=\"1\"><br \/>\n<input type=\"hidden\" name=\"trp-form-language\" value=\"en\"\/><\/form>\n<p><\/center><\/p>\n<p>&nbsp;<\/p>\n<h4>COMPRA EXPRESS LIKES en YouTube<\/h4>\n<ul>\n<li>50 Like YouTube $ 12<\/li>\n<li>100 Like YouTube $ 24<\/li>\n<li>250 Like YouTube $ 45<\/li>\n<li>500 Like YouTube $ 90<\/li>\n<li>1000 Like YouTube $ 180<\/li>\n<li>2000 Like YouTube $ 240<\/li>\n<li>2500 Like YouTube $ 300<\/li>\n<li>5000 Like YouTube $ 500<\/li>\n<\/ul>\n<p>&nbsp;<br \/>\n<center><\/p>\n<form action=\"https:\/\/www.paypal.com\/cgi-bin\/webscr\" method=\"post\" data-trp-original-action=\"https:\/\/www.paypal.com\/cgi-bin\/webscr\">\n<input type=\"hidden\" name=\"cmd\" value=\"_s-xclick\"><br \/>\n<input type=\"hidden\" name=\"hosted_button_id\" value=\"2G2G8S2VATDPA\"><\/p>\n<table>\n<tr>\n<td><input type=\"hidden\" name=\"on0\" value=\"COMPRA LIKES EN YOUTUBE\">COMPRA LIKES EN YOUTUBE<\/td>\n<\/tr>\n<tr>\n<td><select name=\"os0\"><option value=\"50 Like YouTube\">50 Like YouTube$12.00 USD<\/option><option value=\"100 Like YouTube\">100 Like YouTube$24.00 USD<\/option><option value=\"250 Like YouTube\">250 Like YouTube$45.00 USD<\/option><option value=\"500 Like YouTube\">500 Like YouTube$90.00 USD<\/option><option value=\"1000 Like YouTube\">1000 Like YouTube$180.00 USD<\/option><option value=\"2000 Like YouTube\">2000 Like YouTube$240.00 USD<\/option><option value=\"2500 Like YouTube\">2500 Like YouTube$300.00 USD<\/option><option value=\"5000 Like YouTube\">5000 Like YouTube$500.00 USD<\/option><\/select> <\/td>\n<\/tr>\n<\/table>\n<p><input type=\"hidden\" name=\"currency_code\" value=\"USD\"><br \/>\n<input type=\"image\" src=\"https:\/\/www.paypalobjects.com\/es_XC\/i\/btn\/btn_buynowCC_LG.gif\" border=\"0\" name=\"submit\" alt=\"PayPal, la forma m\u00e1s segura y r\u00e1pida de pagar en l\u00ednea.\"><br \/>\n<img decoding=\"async\" alt=\"\" border=\"0\" src=\"https:\/\/www.paypalobjects.com\/es_XC\/i\/scr\/pixel.gif\" width=\"1\" height=\"1\"><br \/>\n<input type=\"hidden\" name=\"trp-form-language\" value=\"en\"\/><\/form>\n<p><\/center><\/p>\n<p>Despu\u00e9s de la compra de visitas en YouTube, por favor env\u00edenos un correo electr\u00f3nico a su direcci\u00f3n URL del v\u00eddeo. Si se le olvida, no se preocupe, nosotros le enviaremos un correo electr\u00f3nico. No hacemos garant\u00edas absolutas sobre plazos o el tiempo que se necesita para obtener el tr\u00e1fico que usted pag\u00f3. YouTube actualiza sus servidores constantemente.<\/p>\n<p>&nbsp;<\/p>\n<h4>Comentarios en YouTube<\/h4>\n<ul>\n<li>50 Comentarios en YouTube $ 24<\/li>\n<li>100 Comentarios en YouTube $ 45<\/li>\n<li>250 Comentarios en YouTube $ 115<\/li>\n<li>500 Comentarios en YouTube $ 200<\/li>\n<li>1000 Comentarios en YouTube $ 290<\/li>\n<\/ul>\n<p><center><\/p>\n<form action=\"https:\/\/www.paypal.com\/cgi-bin\/webscr\" method=\"post\" data-trp-original-action=\"https:\/\/www.paypal.com\/cgi-bin\/webscr\">\n<input type=\"hidden\" name=\"cmd\" value=\"_s-xclick\"><br \/>\n<input type=\"hidden\" name=\"hosted_button_id\" value=\"DCC8JFES9PAN4\"><\/p>\n<table>\n<tr>\n<td><input type=\"hidden\" name=\"on0\" value=\"COMPRA COMENTARIOS EN YOUTUBE\">COMPRA COMENTARIOS EN YOUTUBE<\/td>\n<\/tr>\n<tr>\n<td><select name=\"os0\"><option value=\"50 Comentarios en YouTube\">50 Comentarios en YouTube$24.00 USD<\/option><option value=\"100 Comentarios en YouTube\">100 Comentarios en YouTube$45.00 USD<\/option><option value=\"250 Comentarios en YouTube\">250 Comentarios en YouTube$115.00 USD<\/option><option value=\"500 Comentarios en YouTube\">500 Comentarios en YouTube$200.00 USD<\/option><option value=\"1000 Comentarios en YouTube\">1000 Comentarios en YouTube$290.00 USD<\/option><\/select> <\/td>\n<\/tr>\n<\/table>\n<p><input type=\"hidden\" name=\"currency_code\" value=\"USD\"><br \/>\n<input type=\"image\" src=\"https:\/\/www.paypalobjects.com\/es_XC\/i\/btn\/btn_buynowCC_LG.gif\" border=\"0\" name=\"submit\" alt=\"PayPal, la forma m\u00e1s segura y r\u00e1pida de pagar en l\u00ednea.\"><br \/>\n<img decoding=\"async\" alt=\"\" border=\"0\" src=\"https:\/\/www.paypalobjects.com\/es_XC\/i\/scr\/pixel.gif\" width=\"1\" height=\"1\"><br \/>\n<input type=\"hidden\" name=\"trp-form-language\" value=\"en\"\/><\/form>\n<p><\/center><\/p>\n<p>Despu\u00e9s de la compra de Comentarios en Youtube por favor, env\u00edenos un correo electr\u00f3nico de su direcci\u00f3n URL del v\u00eddeo. Si se le olvida, no se preocupe, nosotros le enviaremos un correo electr\u00f3nico. No hay garant\u00edas absolutas sobre plazos o el tiempo que se necesita para obtener los comentarios que usted pag\u00f3. YouTube actualiza sus servidores de vez en cuando.<\/p>","protected":false},"excerpt":{"rendered":"<p>&nbsp; COMPRA visitas en YouTube AUMENTAR visitas en YouTube y obtener m\u00e1s tr\u00e1fico\u00a0en los VIDEOS Y COMENTARIOS 5.000 Visitas en YouTube $ 40 10.000 Visitas en YouTube $ 54 20.000 Visitas en YouTube $ 108 25.000 Visitas en YouTube $ 132 50.000 Visitas en YouTube $ 264 100.000 Visitas en YouTube $ 447 &nbsp; COMPRA [&hellip;]<\/p>","protected":false},"author":88893,"featured_media":0,"parent":0,"menu_order":0,"comment_status":"open","ping_status":"closed","template":"","meta":{"footnotes":""},"class_list":["post-137","page","type-page","status-publish","hentry"],"_links":{"self":[{"href":"https:\/\/esongsentertainment.com\/en\/wp-json\/wp\/v2\/pages\/137","targetHints":{"allow":["GET"]}}],"collection":[{"href":"https:\/\/esongsentertainment.com\/en\/wp-json\/wp\/v2\/pages"}],"about":[{"href":"https:\/\/esongsentertainment.com\/en\/wp-json\/wp\/v2\/types\/page"}],"author":[{"embeddable":true,"href":"https:\/\/esongsentertainment.com\/en\/wp-json\/wp\/v2\/users\/88893"}],"replies":[{"embeddable":true,"href":"https:\/\/esongsentertainment.com\/en\/wp-json\/wp\/v2\/comments?post=137"}],"version-history":[{"count":11,"href":"https:\/\/esongsentertainment.com\/en\/wp-json\/wp\/v2\/pages\/137\/revisions"}],"predecessor-version":[{"id":244,"href":"https:\/\/esongsentertainment.com\/en\/wp-json\/wp\/v2\/pages\/137\/revisions\/244"}],"wp:attachment":[{"href":"https:\/\/esongsentertainment.com\/en\/wp-json\/wp\/v2\/media?parent=137"}],"curies":[{"name":"wp","href":"https:\/\/api.w.org\/{rel}","templated":true}]}}