{"id":143,"date":"2012-02-21T15:53:44","date_gmt":"2012-02-21T15:53:44","guid":{"rendered":"https:\/\/esongsentertainment.com\/site\/?page_id=143"},"modified":"2012-07-20T22:09:44","modified_gmt":"2012-07-20T22:09:44","slug":"itunes","status":"publish","type":"page","link":"https:\/\/esongsentertainment.com\/en\/itunes\/","title":{"rendered":"ITunes"},"content":{"rendered":"<h3><img fetchpriority=\"high\" decoding=\"async\" class=\"aligncenter size-full wp-image-78\" title=\"recursos\" src=\"https:\/\/esongsentertainment.com\/site\/wp-content\/uploads\/2011\/09\/recursos.jpg\" alt=\"\" width=\"619\" height=\"187\" srcset=\"https:\/\/esongsentertainment.com\/wp-content\/uploads\/2011\/09\/recursos.jpg 619w, https:\/\/esongsentertainment.com\/wp-content\/uploads\/2011\/09\/recursos-300x90.jpg 300w\" sizes=\"(max-width: 619px) 100vw, 619px\" \/><\/h3>\n<p>&nbsp;<\/p>\n<h4>ITUNES PROMOCIONES!<\/h4>\n<p>&nbsp;<\/p>\n<p style=\"text-align: justify;\">Buscando hacer m\u00e1s ventas? \u00bfEst\u00e1s buscando m\u00e1s presencia en Itunes? Hay muchas m\u00e1s maneras para promover la m\u00fasica independiente actual, adem\u00e1s de MySpace y YouTube. Usted necesidad ampliar sus promociones en las \u00e1reas que tienen el potencial para hacer m\u00e1s ventas. Nuestras promociones iTunes aumentar el rumor, la popularidad y presencia en Itunes. Vamos a promocionar a los compradores de artistas similares! Es un hecho conocido ahora que esa es la forma superior que los fans potenciales descubren\u00a0 nuevos artistas ahora, por encontrarlos en las p\u00e1ginas de artistas similares.<br \/>\nEsto lo hacemos se centra en lo siguiente:<\/p>\n<p style=\"text-align: justify;\">&#8211; COMENTARIOS! el aumento de sus Comentarios y puntuaciones en las p\u00e1ginas de su \u00e1lbum de mantener el\u00a0 ruido en su p\u00e1gina y mostrar a la gente qu\u00e9 tan popular eres. est\u00e1n m\u00e1s dispuestos a comprar su m\u00fasica si los dem\u00e1s est\u00e1n afirmando su frescura.<br \/>\n&#8211; Listas de reproducci\u00f3n o iMixes! el aumento de su inclusi\u00f3n en iMixes ahora llamadas listas de reproducci\u00f3n. esta es una manera fenomenal para promover, pero se necesita mucho trabajo, tiempo, esfuerzo y estrategia &#8211; todos los cuales tienen mucha experiencia in esto tambi\u00e9n aumentan las probabilidades de aparecer en las p\u00e1ginas de artistas populares similares, ya que si uno Imix se convierte en popular que se mostrar\u00e1 en la p\u00e1gina que el popular artista como un Imix populares caliente! \u00bfQu\u00e9 significa eso? as\u00ed, se hacen las cuentas. Si usted est\u00e1 incluido en esa caliente Madonna Imix que la gente est\u00e1 mirando y comprando, usted acaba de aumentar sus ingresos! Vamos a promocionar a los compradores de artistas similares de populares!<br \/>\n&#8211; Mantenimiento mensual de tus listas de reproducci\u00f3n iTunes \/ iMixes por lo que no se resbalen en popularidad.<br \/>\n&#8211; Que ahora ofrecen un mantenimiento mensual para asegurarse de que su trabajo Itunes no se deslice fuera del radar. Mantener iMixes en la cima de las listas y que figuran en las p\u00e1ginas de artistas populares como Madonna, etc es competitivo y tiene un mont\u00f3n de esfuerzo en consonancia con la votaci\u00f3n todos los d\u00edas, pero podemos mantener el voto por cada mes en su Imix para que se mantenga caliente. Centr\u00e1ndose en los comentarios y iMixes en iTunes aumentar\u00e1 su presencia y popularidad. No podemos garantizar que va a aumentar sus ingresos &#8211; que depende de su m\u00fasica &#8211; pero estamos bastante seguros de que as\u00ed ser\u00e1. Nuestros artistas que ejecutan estas nuevas promociones en este momento ya se han visto ganancias en los ingresos en el \u00faltimo mes!<br \/>\nTenga en cuenta: Las campa\u00f1as suelen tener aprox. 3-4 semanas para terminar. Nosotros no garantizamos el marco de tiempo o exactamente cu\u00e1nto tiempo tomar\u00e1 su campa\u00f1a. Cada campa\u00f1a es diferente.<br \/>\n<em><strong><\/strong><\/em><\/p>\n<h5 style=\"text-align: justify;\"><em><strong>NO SOMOS RESPONSABLES POR COMENTARIOS NEGATIVOS<\/strong><\/em><\/h5>\n<h4><\/h4>\n<p>&nbsp;<\/p>\n<h4>ITUNES CAMPA\u00d1AS<\/h4>\n<h5><\/h5>\n<h5>ITUNES COMENTARIOS:<\/h5>\n<ul>\n<li>250 Comentarios \/ logrados &#8211; $ 60<\/li>\n<li>500 Comentarios \/ logrados &#8211; $ 100<\/li>\n<li>1000 Comentarios o Ratings &#8211; $ 450<\/li>\n<li>2500 Comentarios o Ratings &#8211; $ 850<\/li>\n<\/ul>\n<p>&nbsp;<\/p>\n<h5>ITUNES listas de reproducci\u00f3n (iMixes):<\/h5>\n<p>(Usted elige varios artistas similares que desea que se incluye con la esperanza que se presenta con. La campa\u00f1a incluye la formulaci\u00f3n de los Imix y tambi\u00e9n de 2 semanas de mantenerse en el lugar, ayudando a mantenerse en la parte superior, lo que significa votar constante.)<\/p>\n<ul>\n<li>10 iMixes y diario puntuaciones Imix &#8211; $ 60<\/li>\n<li>25 iMixes y diario puntuaciones Imix &#8211; $ 120<\/li>\n<li>50 iMixes y diario puntuaciones Imix &#8211; $ 295<\/li>\n<\/ul>\n<p>&nbsp;<br \/>\n<center><\/p>\n<form action=\"https:\/\/www.paypal.com\/cgi-bin\/webscr\" method=\"post\" data-trp-original-action=\"https:\/\/www.paypal.com\/cgi-bin\/webscr\">\n<input type=\"hidden\" name=\"cmd\" value=\"_s-xclick\"><br \/>\n<input type=\"hidden\" name=\"hosted_button_id\" value=\"8A7GQ5VYH6T9A\"><\/p>\n<table>\n<tr>\n<td><input type=\"hidden\" name=\"on0\" value=\"ITUNES CAMPA\u00d1AS\">ITUNES CAMPA\u00d1AS<\/td>\n<\/tr>\n<tr>\n<td><select name=\"os0\"><option value=\"250 Comentarios \/ los grados\">250 Comentarios \/ los grados$60.00 USD<\/option><option value=\"500 Comentarios \/ los grados\">500 Comentarios \/ los grados$100.00 USD<\/option><option value=\"1000 Comentarios o Ratings\">1000 Comentarios o Ratings$450.00 USD<\/option><option value=\"2500 Comentarios o Ratings\">2500 Comentarios o Ratings$850.00 USD<\/option><option value=\"10 iMixes y diario puntuaciones\">10 iMixes y diario puntuaciones$60.00 USD<\/option><option value=\"25 iMixes y diario puntuaciones\">25 iMixes y diario puntuaciones$120.00 USD<\/option><option value=\"50 iMixes y diario puntuaciones\">50 iMixes y diario puntuaciones$295.00 USD<\/option><\/select> <\/td>\n<\/tr>\n<\/table>\n<p><input type=\"hidden\" name=\"currency_code\" value=\"USD\"><br \/>\n<input type=\"image\" src=\"https:\/\/www.paypalobjects.com\/es_XC\/i\/btn\/btn_buynowCC_LG.gif\" border=\"0\" name=\"submit\" alt=\"PayPal, la forma m\u00e1s segura y r\u00e1pida de pagar en l\u00ednea.\"><br \/>\n<img decoding=\"async\" alt=\"\" border=\"0\" src=\"https:\/\/www.paypalobjects.com\/es_XC\/i\/scr\/pixel.gif\" width=\"1\" height=\"1\"><br \/>\n<input type=\"hidden\" name=\"trp-form-language\" value=\"en\"\/><\/form>\n<p><\/center><\/p>\n<h5>ITUNES mantenimiento mensual:<\/h5>\n<p>(Una vez que haya completado una campa\u00f1a con nosotros, vamos a mantener su voto para que sus Imix iMixes no se vot\u00f3 en contra de los competidores y de mantener al menos un 3-5 estrellas.)<\/p>\n<ul>\n<li>ITUNES de mantenimiento mensual de la votaci\u00f3n diaria de 10 iMixes m\u00e1s 5 comentarios adicionales: $ 175<\/li>\n<li>ITUNES de mantenimiento mensual de la votaci\u00f3n diaria de 25 iMixes m\u00e1s 5 comentarios adicionales: $ 200<\/li>\n<li>ITUNES de mantenimiento mensual de la votaci\u00f3n diaria de 50 iMixes m\u00e1s 10 comentarios de bonificaci\u00f3n: $ 225<\/li>\n<\/ul>\n<p>&nbsp;<\/p>\n<p><center><\/p>\n<form action=\"https:\/\/www.paypal.com\/cgi-bin\/webscr\" method=\"post\" data-trp-original-action=\"https:\/\/www.paypal.com\/cgi-bin\/webscr\">\n<input type=\"hidden\" name=\"cmd\" value=\"_s-xclick\"><br \/>\n<input type=\"hidden\" name=\"hosted_button_id\" value=\"M7V34HZZ73TCL\"><\/p>\n<table>\n<tr>\n<td><input type=\"hidden\" name=\"on0\" value=\"ITUNES MANTENIMIENTO MENSUAL\">ITUNES MANTENIMIENTO MENSUAL<\/td>\n<\/tr>\n<tr>\n<td><select name=\"os0\"><option value=\"Votaci\u00f3n diaria de 10 iMixes m\u00e1s 5 comentarios adicionales\">Votaci\u00f3n diaria de 10 iMixes m\u00e1s 5 comentarios adicionales$175.00 USD<\/option><option value=\"Votaci\u00f3n diaria de 25 iMixes m\u00e1s 5 comentarios adicionales\">Votaci\u00f3n diaria de 25 iMixes m\u00e1s 5 comentarios adicionales$200.00 USD<\/option><option value=\"Votaci\u00f3n diaria de 50 iMixes m\u00e1s 10 comentarios adicionales\">Votaci\u00f3n diaria de 50 iMixes m\u00e1s 10 comentarios adicionales$225.00 USD<\/option><\/select> <\/td>\n<\/tr>\n<\/table>\n<p><input type=\"hidden\" name=\"currency_code\" value=\"USD\"><br \/>\n<input type=\"image\" src=\"https:\/\/www.paypalobjects.com\/es_XC\/i\/btn\/btn_buynowCC_LG.gif\" border=\"0\" name=\"submit\" alt=\"PayPal, la forma m\u00e1s segura y r\u00e1pida de pagar en l\u00ednea.\"><br \/>\n<img decoding=\"async\" alt=\"\" border=\"0\" src=\"https:\/\/www.paypalobjects.com\/es_XC\/i\/scr\/pixel.gif\" width=\"1\" height=\"1\"><br \/>\n<input type=\"hidden\" name=\"trp-form-language\" value=\"en\"\/><\/form>\n<p><\/center><\/p>","protected":false},"excerpt":{"rendered":"<p>&nbsp; ITUNES PROMOCIONES! &nbsp; Buscando hacer m\u00e1s ventas? \u00bfEst\u00e1s buscando m\u00e1s presencia en Itunes? Hay muchas m\u00e1s maneras para promover la m\u00fasica independiente actual, adem\u00e1s de MySpace y YouTube. Usted necesidad ampliar sus promociones en las \u00e1reas que tienen el potencial para hacer m\u00e1s ventas. Nuestras promociones iTunes aumentar el rumor, la popularidad y presencia [&hellip;]<\/p>","protected":false},"author":88893,"featured_media":0,"parent":0,"menu_order":0,"comment_status":"open","ping_status":"closed","template":"","meta":{"footnotes":""},"class_list":["post-143","page","type-page","status-publish","hentry"],"_links":{"self":[{"href":"https:\/\/esongsentertainment.com\/en\/wp-json\/wp\/v2\/pages\/143","targetHints":{"allow":["GET"]}}],"collection":[{"href":"https:\/\/esongsentertainment.com\/en\/wp-json\/wp\/v2\/pages"}],"about":[{"href":"https:\/\/esongsentertainment.com\/en\/wp-json\/wp\/v2\/types\/page"}],"author":[{"embeddable":true,"href":"https:\/\/esongsentertainment.com\/en\/wp-json\/wp\/v2\/users\/88893"}],"replies":[{"embeddable":true,"href":"https:\/\/esongsentertainment.com\/en\/wp-json\/wp\/v2\/comments?post=143"}],"version-history":[{"count":14,"href":"https:\/\/esongsentertainment.com\/en\/wp-json\/wp\/v2\/pages\/143\/revisions"}],"predecessor-version":[{"id":146,"href":"https:\/\/esongsentertainment.com\/en\/wp-json\/wp\/v2\/pages\/143\/revisions\/146"}],"wp:attachment":[{"href":"https:\/\/esongsentertainment.com\/en\/wp-json\/wp\/v2\/media?parent=143"}],"curies":[{"name":"wp","href":"https:\/\/api.w.org\/{rel}","templated":true}]}}