{"id":1559,"date":"2017-09-21T15:25:08","date_gmt":"2017-09-21T19:25:08","guid":{"rendered":"https:\/\/esongsentertainment.com\/?page_id=1559"},"modified":"2017-09-21T15:41:39","modified_gmt":"2017-09-21T19:41:39","slug":"realice-su-pago","status":"publish","type":"page","link":"https:\/\/esongsentertainment.com\/en\/realice-su-pago\/","title":{"rendered":"Realice su Pago"},"content":{"rendered":"<p>[fullwidth background_color=&#8221;rgba(7,16,33,0)&#8221; background_image=&#8221;&#8221; background_parallax=&#8221;none&#8221; enable_mobile=&#8221;no&#8221; parallax_speed=&#8221;0.3&#8243; background_repeat=&#8221;no-repeat&#8221; background_position=&#8221;left top&#8221; video_url=&#8221;&#8221; video_aspect_ratio=&#8221;16:9&#8243; video_webm=&#8221;&#8221; video_mp4=&#8221;&#8221; video_ogv=&#8221;&#8221; video_preview_image=&#8221;&#8221; overlay_color=&#8221;&#8221; overlay_opacity=&#8221;0.5&#8243; video_mute=&#8221;yes&#8221; video_loop=&#8221;yes&#8221; fade=&#8221;no&#8221; border_size=&#8221;0px&#8221; border_color=&#8221;&#8221; border_style=&#8221;solid&#8221; padding_top=&#8221;30px&#8221; padding_bottom=&#8221;5px&#8221; padding_left=&#8221;30%&#8221; padding_right=&#8221;30%&#8221; hundred_percent=&#8221;no&#8221; equal_height_columns=&#8221;no&#8221; hide_on_mobile=&#8221;no&#8221; menu_anchor=&#8221;&#8221; class=&#8221;&#8221; id=&#8221;&#8221;][fusion_text]<\/p>\n<h1 style=\"text-align: center;\"><span style=\"color: #ff9900;\">Realiza el pago!<br \/>\ny luego env\u00edanos <\/span><span style=\"color: #ff9900;\">los archivos!<\/span><\/h1>\n<p>[\/fusion_text][fusion_text]<\/p>\n<p style=\"text-align: center;\"><span style=\"color: #b5b5b5;\">Nuestros servicios est\u00e1n dise\u00f1ados para ayudar a vender su m\u00fasica a nivel mundial en iTunes, Amazon, Rhapsody, Napster, eMusic, Spotify, Google Play, Pandora, Red Youtube, etc. y en m\u00e1s de 500 tiendas digitales en Europa. Adem\u00e1s le proporcionamos UPC y c\u00f3digos ISRC, usted mantiene en un 100% sus derechos de autor sin la preocupaci\u00f3n de contratos a largo plazo.<\/span><\/p>\n<p>[\/fusion_text][fusion_code]PGNlbnRlcj48Zm9ybSBhY3Rpb249Imh0dHBzOi8vd3d3LnBheXBhbC5jb20vY2dpLWJpbi93ZWJzY3IiIG1ldGhvZD0icG9zdCIgdGFyZ2V0PSJfdG9wIj48aW5wdXQgbmFtZT0iY21kIiB0eXBlPSJoaWRkZW4iIHZhbHVlPSJfcy14Y2xpY2siIC8+DQo8aW5wdXQgbmFtZT0iaG9zdGVkX2J1dHRvbl9pZCIgdHlwZT0iaGlkZGVuIiB2YWx1ZT0iRVRXWlQ4MkhRUEhIVyIgLz4NCjx0YWJsZT4NCjx0Ym9keT4NCjx0cj4NCjx0ZD48aW5wdXQgbmFtZT0ib24wIiB0eXBlPSJoaWRkZW4iIHZhbHVlPSJQYXF1ZXRlcyIgLz5QYXF1ZXRlczwvdGQ+DQo8L3RyPg0KPHRyPg0KPHRkPjxzZWxlY3QgbmFtZT0ib3MwIj4NCjxvcHRpb24gdmFsdWU9IjEgQ2FuY2nDs24iPjEgQ2FuY2nDs24gJDE5Ljk5IFVTRDwvb3B0aW9uPg0KPG9wdGlvbiB2YWx1ZT0iQWxiw7ptIENvbXBsZXRvIj5BbGLDum0gQ29tcGxldG8gJDQ5Ljk5IFVTRDwvb3B0aW9uPg0KPC9zZWxlY3Q+PC90ZD4NCjwvdHI+DQo8L3Rib2R5Pg0KPC90YWJsZT4NCjxpbnB1dCBuYW1lPSJjdXJyZW5jeV9jb2RlIiB0eXBlPSJoaWRkZW4iIHZhbHVlPSJVU0QiIC8+DQo8aW5wdXQgYWx0PSJQYXlQYWwsIGxhIGZvcm1hIG3DoXMgc2VndXJhIHkgcsOhcGlkYSBkZSBwYWdhciBlbiBsw61uZWEuIiBuYW1lPSJzdWJtaXQiIHNyYz0iaHR0cHM6Ly93d3cucGF5cGFsb2JqZWN0cy5jb20vZXNfWEMvaS9idG4vYnRuX2J1eW5vd0NDX0xHLmdpZiIgdHlwZT0iaW1hZ2UiIC8+DQo8aW1nIHNyYz0iaHR0cHM6Ly93d3cucGF5cGFsb2JqZWN0cy5jb20vZXNfWEMvaS9zY3IvcGl4ZWwuZ2lmIiBhbHQ9IiIgd2lkdGg9IjEiIGhlaWdodD0iMSIgYm9yZGVyPSIwIiAvPg0KDQo8L2Zvcm0+PC9jZW50ZXI+[\/fusion_code][separator style_type=&#8221;single&#8221; top_margin=&#8221;30px&#8221; bottom_margin=&#8221;30px&#8221; sep_color=&#8221;#919191&#8243; border_size=&#8221;1px&#8221; icon=&#8221;&#8221; icon_circle=&#8221;&#8221; icon_circle_color=&#8221;&#8221; width=&#8221;40%&#8221; alignment=&#8221;center&#8221; class=&#8221;&#8221; id=&#8221;&#8221;][imageframe lightbox=&#8221;no&#8221; gallery_id=&#8221;&#8221; lightbox_image=&#8221;&#8221; style_type=&#8221;none&#8221; hover_type=&#8221;none&#8221; bordercolor=&#8221;&#8221; bordersize=&#8221;0px&#8221; borderradius=&#8221;0&#8243; stylecolor=&#8221;&#8221; align=&#8221;center&#8221; link=&#8221;&#8221; linktarget=&#8221;_self&#8221; animation_type=&#8221;0&#8243; animation_direction=&#8221;down&#8221; animation_speed=&#8221;0.1&#8243; animation_offset=&#8221;&#8221; hide_on_mobile=&#8221;no&#8221; class=&#8221;&#8221; id=&#8221;&#8221;] <img decoding=\"async\" alt=\"\" src=\"https:\/\/esongsentertainment.com\/wp-content\/uploads\/2011\/09\/banner-services2.png\" \/>[\/imageframe][\/fullwidth]<\/p>","protected":false},"excerpt":{"rendered":"<p>[fullwidth background_color=&#8221;rgba(7,16,33,0)&#8221; background_image=&#8221;&#8221; background_parallax=&#8221;none&#8221; enable_mobile=&#8221;no&#8221; parallax_speed=&#8221;0.3&#8243; background_repeat=&#8221;no-repeat&#8221; background_position=&#8221;left top&#8221; video_url=&#8221;&#8221; video_aspect_ratio=&#8221;16:9&#8243; video_webm=&#8221;&#8221; video_mp4=&#8221;&#8221; video_ogv=&#8221;&#8221; video_preview_image=&#8221;&#8221; overlay_color=&#8221;&#8221; overlay_opacity=&#8221;0.5&#8243; video_mute=&#8221;yes&#8221; video_loop=&#8221;yes&#8221; fade=&#8221;no&#8221; border_size=&#8221;0px&#8221; border_color=&#8221;&#8221; border_style=&#8221;solid&#8221; padding_top=&#8221;30px&#8221; padding_bottom=&#8221;5px&#8221; padding_left=&#8221;30%&#8221; padding_right=&#8221;30%&#8221; hundred_percent=&#8221;no&#8221; equal_height_columns=&#8221;no&#8221; hide_on_mobile=&#8221;no&#8221; menu_anchor=&#8221;&#8221; class=&#8221;&#8221; id=&#8221;&#8221;][fusion_text] Realiza el pago! y luego env\u00edanos los archivos! [\/fusion_text][fusion_text] Nuestros servicios est\u00e1n dise\u00f1ados para ayudar a vender su m\u00fasica a nivel mundial [&hellip;]<\/p>","protected":false},"author":88893,"featured_media":0,"parent":0,"menu_order":0,"comment_status":"closed","ping_status":"closed","template":"100-width.php","meta":{"footnotes":""},"class_list":["post-1559","page","type-page","status-publish","hentry"],"_links":{"self":[{"href":"https:\/\/esongsentertainment.com\/en\/wp-json\/wp\/v2\/pages\/1559","targetHints":{"allow":["GET"]}}],"collection":[{"href":"https:\/\/esongsentertainment.com\/en\/wp-json\/wp\/v2\/pages"}],"about":[{"href":"https:\/\/esongsentertainment.com\/en\/wp-json\/wp\/v2\/types\/page"}],"author":[{"embeddable":true,"href":"https:\/\/esongsentertainment.com\/en\/wp-json\/wp\/v2\/users\/88893"}],"replies":[{"embeddable":true,"href":"https:\/\/esongsentertainment.com\/en\/wp-json\/wp\/v2\/comments?post=1559"}],"version-history":[{"count":10,"href":"https:\/\/esongsentertainment.com\/en\/wp-json\/wp\/v2\/pages\/1559\/revisions"}],"predecessor-version":[{"id":1570,"href":"https:\/\/esongsentertainment.com\/en\/wp-json\/wp\/v2\/pages\/1559\/revisions\/1570"}],"wp:attachment":[{"href":"https:\/\/esongsentertainment.com\/en\/wp-json\/wp\/v2\/media?parent=1559"}],"curies":[{"name":"wp","href":"https:\/\/api.w.org\/{rel}","templated":true}]}}