{"id":2,"date":"2011-09-07T17:58:35","date_gmt":"2011-09-07T21:58:35","guid":{"rendered":"https:\/\/esongsentertainment.com\/site\/?page_id=2"},"modified":"2017-09-21T15:24:37","modified_gmt":"2017-09-21T19:24:37","slug":"distribucion","status":"publish","type":"page","link":"https:\/\/esongsentertainment.com\/en\/distribucion\/","title":{"rendered":"Distribuci\u00f3n"},"content":{"rendered":"<p>[fullwidth background_color=&#8221;rgba(7,16,33,0)&#8221; background_image=&#8221;&#8221; background_parallax=&#8221;none&#8221; enable_mobile=&#8221;no&#8221; parallax_speed=&#8221;0.3&#8243; background_repeat=&#8221;no-repeat&#8221; background_position=&#8221;left top&#8221; video_url=&#8221;&#8221; video_aspect_ratio=&#8221;16:9&#8243; video_webm=&#8221;&#8221; video_mp4=&#8221;&#8221; video_ogv=&#8221;&#8221; video_preview_image=&#8221;&#8221; overlay_color=&#8221;&#8221; overlay_opacity=&#8221;0.5&#8243; video_mute=&#8221;yes&#8221; video_loop=&#8221;yes&#8221; fade=&#8221;no&#8221; border_size=&#8221;0px&#8221; border_color=&#8221;&#8221; border_style=&#8221;solid&#8221; padding_top=&#8221;30px&#8221; padding_bottom=&#8221;5px&#8221; padding_left=&#8221;10%&#8221; padding_right=&#8221;10%&#8221; hundred_percent=&#8221;no&#8221; equal_height_columns=&#8221;no&#8221; hide_on_mobile=&#8221;no&#8221; menu_anchor=&#8221;&#8221; class=&#8221;&#8221; id=&#8221;&#8221;][fusion_text]<\/p>\n<h1 style=\"text-align: center;\"><span style=\"color: #ff9900;\">Ya realizaste el pago!<br \/>\nAhora env\u00edanos los archivos!<\/span><\/h1>\n<p>[\/fusion_text][fusion_text]<\/p>\n<p style=\"text-align: center;\"><span style=\"color: #ff0000;\">La dimensi\u00f3n de las car\u00e1tulas es 1600px x 1600px en formato PNG o JPG, tama\u00f1o m\u00e1x: 6Mb<\/span><br \/>\n<span style=\"color: #ff0000;\"> El formato de los singles es MP3 con un tama\u00f1o m\u00e1x: 9Mb<\/span><\/p>\n<p>[\/fusion_text][fusion_text]<\/p>\n<p style=\"text-align: left;\">[contact-form-7 id=&#8221;1513&#8243; title=&#8221;archivos&#8221;]<\/p>\n<p>[\/fusion_text][\/fullwidth]<\/p>","protected":false},"excerpt":{"rendered":"<p>[fullwidth background_color=&#8221;rgba(7,16,33,0)&#8221; background_image=&#8221;&#8221; background_parallax=&#8221;none&#8221; enable_mobile=&#8221;no&#8221; parallax_speed=&#8221;0.3&#8243; background_repeat=&#8221;no-repeat&#8221; background_position=&#8221;left top&#8221; video_url=&#8221;&#8221; video_aspect_ratio=&#8221;16:9&#8243; video_webm=&#8221;&#8221; video_mp4=&#8221;&#8221; video_ogv=&#8221;&#8221; video_preview_image=&#8221;&#8221; overlay_color=&#8221;&#8221; overlay_opacity=&#8221;0.5&#8243; video_mute=&#8221;yes&#8221; video_loop=&#8221;yes&#8221; fade=&#8221;no&#8221; border_size=&#8221;0px&#8221; border_color=&#8221;&#8221; border_style=&#8221;solid&#8221; padding_top=&#8221;30px&#8221; padding_bottom=&#8221;5px&#8221; padding_left=&#8221;10%&#8221; padding_right=&#8221;10%&#8221; hundred_percent=&#8221;no&#8221; equal_height_columns=&#8221;no&#8221; hide_on_mobile=&#8221;no&#8221; menu_anchor=&#8221;&#8221; class=&#8221;&#8221; id=&#8221;&#8221;][fusion_text] Ya realizaste el pago! Ahora env\u00edanos los archivos! [\/fusion_text][fusion_text] La dimensi\u00f3n de las car\u00e1tulas es 1600px x 1600px en formato PNG o [&hellip;]<\/p>","protected":false},"author":88893,"featured_media":0,"parent":0,"menu_order":0,"comment_status":"closed","ping_status":"closed","template":"100-width.php","meta":{"footnotes":""},"class_list":["post-2","page","type-page","status-publish","hentry"],"_links":{"self":[{"href":"https:\/\/esongsentertainment.com\/en\/wp-json\/wp\/v2\/pages\/2","targetHints":{"allow":["GET"]}}],"collection":[{"href":"https:\/\/esongsentertainment.com\/en\/wp-json\/wp\/v2\/pages"}],"about":[{"href":"https:\/\/esongsentertainment.com\/en\/wp-json\/wp\/v2\/types\/page"}],"author":[{"embeddable":true,"href":"https:\/\/esongsentertainment.com\/en\/wp-json\/wp\/v2\/users\/88893"}],"replies":[{"embeddable":true,"href":"https:\/\/esongsentertainment.com\/en\/wp-json\/wp\/v2\/comments?post=2"}],"version-history":[{"count":58,"href":"https:\/\/esongsentertainment.com\/en\/wp-json\/wp\/v2\/pages\/2\/revisions"}],"predecessor-version":[{"id":1558,"href":"https:\/\/esongsentertainment.com\/en\/wp-json\/wp\/v2\/pages\/2\/revisions\/1558"}],"wp:attachment":[{"href":"https:\/\/esongsentertainment.com\/en\/wp-json\/wp\/v2\/media?parent=2"}],"curies":[{"name":"wp","href":"https:\/\/api.w.org\/{rel}","templated":true}]}}