{"id":4894,"date":"2024-03-14T13:50:35","date_gmt":"2024-03-14T17:50:35","guid":{"rendered":"http:\/\/AdminFinance"},"modified":"2024-03-14T13:50:35","modified_gmt":"2024-03-14T17:50:35","slug":"facebook-3","status":"publish","type":"page","link":"https:\/\/esongsentertainment.com\/en\/facebook-3\/","title":{"rendered":"Facebook"},"content":{"rendered":"<h3><img fetchpriority=\"high\" decoding=\"async\" class=\"aligncenter size-full wp-image-78\" title=\"recursos\" src=\"https:\/\/esongsentertainment.com\/site\/wp-content\/uploads\/2011\/09\/recursos.jpg\" alt=\"\" width=\"619\" height=\"187\" srcset=\"https:\/\/esongsentertainment.com\/wp-content\/uploads\/2011\/09\/recursos.jpg 619w, https:\/\/esongsentertainment.com\/wp-content\/uploads\/2011\/09\/recursos-300x90.jpg 300w\" sizes=\"(max-width: 619px) 100vw, 619px\" \/><\/h3>\n<p>&nbsp;<\/p>\n<h4>PROMOCI\u00d3N DE INTERNET FACEBOOK<\/h4>\n<h5>COMPRA SEGUIDORES EN FACEBOOK!<\/h5>\n<p>Atenci\u00f3n: Todos los compradores de Facebook &#8211; por favor tenga en cuenta que Facebook est\u00e1 invadido ahora con los spammers. Cuando usted est\u00e1 haciendo grandes campa\u00f1as, sobre todo y por encima de 5.000, por favor, tenga en cuenta que algunos spams pueden deslizarse. Algunos spammers podr\u00edan dejar comentarios desagradables s\u00f3lo para incomodar si ve un comentario desagradable, s\u00f3lo tiene que eliminarlo&#8230;<\/p>\n<h4>COMPRA y acreciente los FANS EN FACEBOOK!<\/h4>\n<p>OFRECEMOS LAS CAMPA\u00d1AS M\u00c1S BARATASTenemos diferentes tipos de campa\u00f1as dirigidas dirigida principalmente en EE.UU., tanto en hombres y mujeres de 18 a 30 a\u00f1os de edad promedio.<\/p>\n<ul>\n<li>500 + $ 40 Seguidores en Facebook<\/li>\n<li>1000 + $70 seguidores en Facebook<\/li>\n<li>2500 + $170 seguidores en Facebook<\/li>\n<li>5000 + $ 328 seguidores en Facebook<\/li>\n<li>10,000 + $ 480 seguidores en Facebook<\/li>\n<\/ul>\n<p>&nbsp;<\/p>\n<p><center><\/p>\n<form action=\"https:\/\/www.paypal.com\/cgi-bin\/webscr\" method=\"post\" data-trp-original-action=\"https:\/\/www.paypal.com\/cgi-bin\/webscr\">\n<input type=\"hidden\" name=\"cmd\" value=\"_s-xclick\"><br \/>\n<input type=\"hidden\" name=\"hosted_button_id\" value=\"K4PJCB6GBPNYE\"><\/p>\n<table>\n<tr>\n<td><input type=\"hidden\" name=\"on0\" value=\"COMPRA FANS EN FACEBOOK!\">COMPRA FANS EN FACEBOOK!<\/td>\n<\/tr>\n<tr>\n<td><select name=\"os0\"><option value=\"500 + Facebook Fans\">500 + Facebook Fans$40.00 USD<\/option><option value=\"1000 + Facebook Fans\">1000 + Facebook Fans$70.00 USD<\/option><option value=\"2000 + Facebook Fans\">2000 + Facebook Fans$170.00 USD<\/option><option value=\"5000 + Facebook Fans\">5000 + Facebook Fans$328.00 USD<\/option><option value=\"10000 + Facebook Fans\">10000 + Facebook Fans$480.00 USD<\/option><\/select> <\/td>\n<\/tr>\n<\/table>\n<p><input type=\"hidden\" name=\"currency_code\" value=\"USD\"><br \/>\n<input type=\"image\" src=\"https:\/\/www.paypalobjects.com\/es_XC\/i\/btn\/btn_buynowCC_LG.gif\" border=\"0\" name=\"submit\" alt=\"PayPal, la forma m\u00e1s segura y r\u00e1pida de pagar en l\u00ednea.\"><br \/>\n<img decoding=\"async\" alt=\"\" border=\"0\" src=\"https:\/\/www.paypalobjects.com\/es_XC\/i\/scr\/pixel.gif\" width=\"1\" height=\"1\"><br \/>\n<input type=\"hidden\" name=\"trp-form-language\" value=\"en\"\/><\/form>\n<p><\/center><\/p>\n<h4>COMPRA campa\u00f1as dirigidas!<\/h4>\n<p>B CAMPA\u00d1AS\u00a0 Con palabras claves o de inter\u00e9s (ejemplo: &#8220;entretenimiento&#8221;) NOTA: &#8220;B&#8221; Las campa\u00f1as espec\u00edficas tomaran\u00a0 hasta 1 semana de preparaci\u00f3n. Nosotros no utilizar secuencias de comandos, y tienen que dirigirse a sus fans manualmente! No hay excepciones. &#8221; por favor entienda que la preparaci\u00f3n es la parte m\u00e1s lenta. Una vez que se prepare, la campa\u00f1a se pondr\u00e1 en marcha.500 seguidores en Facebook $ 100<\/p>\n<ul>\n<li>500 + $ 99 Seguidores en Facebook<\/li>\n<li>1000 + $ 166 seguidores en Facebook<\/li>\n<li>2500 + $ 262 seguidores en Facebook<\/li>\n<li>5000 + $ 405 seguidores en Facebook<\/li>\n<li>10,000 + $ 654 los fans de Facebook<\/li>\n<li>25.000 + $ 1040 los fans de Facebook<\/li>\n<li>50.000 + $ 1350 los fans de Facebook<\/li>\n<li>100.000 + Facebook fans de $ 2.000<\/li>\n<\/ul>\n<p>&nbsp;<br \/>\n<center><\/p>\n<form action=\"https:\/\/www.paypal.com\/cgi-bin\/webscr\" method=\"post\" data-trp-original-action=\"https:\/\/www.paypal.com\/cgi-bin\/webscr\">\n<input type=\"hidden\" name=\"cmd\" value=\"_s-xclick\"><br \/>\n<input type=\"hidden\" name=\"hosted_button_id\" value=\"BJUHENJLCJ42C\"><\/p>\n<table>\n<tr>\n<td><input type=\"hidden\" name=\"on0\" value=\"FACEBOOK CAMPA\u00d1A DIRIGIDA!\">FACEBOOK CAMPA\u00d1A DIRIGIDA!<\/td>\n<\/tr>\n<tr>\n<td><select name=\"os0\"><option value=\"500 + Facebook Fans\">500 + Facebook Fans$99.00 USD<\/option><option value=\"1000 + Facebook Fans\">1000 + Facebook Fans$166.00 USD<\/option><option value=\"2500+ Facebook Fans\">2500+ Facebook Fans$262.00 USD<\/option><option value=\"5000 + Facebook Fans\">5000 + Facebook Fans$405.00 USD<\/option><option value=\"10000  + Facebook Fans\">10000  + Facebook Fans$654.00 USD<\/option><option value=\"25000 + Facebook Fans\">25000 + Facebook Fans$1,040.00 USD<\/option><option value=\"50000 + Facebook Fans\">50000 + Facebook Fans$1,350.00 USD<\/option><option value=\"100000 + Facebook Fans\">100000 + Facebook Fans$2,000.00 USD<\/option><\/select> <\/td>\n<\/tr>\n<\/table>\n<p><input type=\"hidden\" name=\"currency_code\" value=\"USD\"><br \/>\n<input type=\"image\" src=\"https:\/\/www.paypalobjects.com\/es_XC\/i\/btn\/btn_buynowCC_LG.gif\" border=\"0\" name=\"submit\" alt=\"PayPal, la forma m\u00e1s segura y r\u00e1pida de pagar en l\u00ednea.\"><br \/>\n<img decoding=\"async\" alt=\"\" border=\"0\" src=\"https:\/\/www.paypalobjects.com\/es_XC\/i\/scr\/pixel.gif\" width=\"1\" height=\"1\"><br \/>\n<input type=\"hidden\" name=\"trp-form-language\" value=\"en\"\/><\/form>\n<p><\/center><\/p>","protected":false},"excerpt":{"rendered":"<p>&nbsp; PROMOCI\u00d3N DE INTERNET FACEBOOK COMPRA SEGUIDORES EN FACEBOOK! Atenci\u00f3n: Todos los compradores de Facebook &#8211; por favor tenga en cuenta que Facebook est\u00e1 invadido ahora con los spammers. Cuando usted est\u00e1 haciendo grandes campa\u00f1as, sobre todo y por encima de 5.000, por favor, tenga en cuenta que algunos spams pueden deslizarse. Algunos spammers podr\u00edan [&hellip;]<\/p>","protected":false},"author":88893,"featured_media":0,"parent":0,"menu_order":0,"comment_status":"open","ping_status":"closed","template":"","meta":{"footnotes":""},"class_list":["post-4894","page","type-page","status-publish","hentry"],"_links":{"self":[{"href":"https:\/\/esongsentertainment.com\/en\/wp-json\/wp\/v2\/pages\/4894","targetHints":{"allow":["GET"]}}],"collection":[{"href":"https:\/\/esongsentertainment.com\/en\/wp-json\/wp\/v2\/pages"}],"about":[{"href":"https:\/\/esongsentertainment.com\/en\/wp-json\/wp\/v2\/types\/page"}],"author":[{"embeddable":true,"href":"https:\/\/esongsentertainment.com\/en\/wp-json\/wp\/v2\/users\/88893"}],"replies":[{"embeddable":true,"href":"https:\/\/esongsentertainment.com\/en\/wp-json\/wp\/v2\/comments?post=4894"}],"version-history":[{"count":0,"href":"https:\/\/esongsentertainment.com\/en\/wp-json\/wp\/v2\/pages\/4894\/revisions"}],"wp:attachment":[{"href":"https:\/\/esongsentertainment.com\/en\/wp-json\/wp\/v2\/media?parent=4894"}],"curies":[{"name":"wp","href":"https:\/\/api.w.org\/{rel}","templated":true}]}}