{"id":4896,"date":"2024-03-14T13:50:35","date_gmt":"2024-03-14T17:50:35","guid":{"rendered":"http:\/\/AdminFinance"},"modified":"2024-03-14T13:50:35","modified_gmt":"2024-03-14T17:50:35","slug":"twitter-3","status":"publish","type":"page","link":"https:\/\/esongsentertainment.com\/en\/twitter-3\/","title":{"rendered":"Twitter"},"content":{"rendered":"<h3><img fetchpriority=\"high\" decoding=\"async\" class=\"aligncenter size-full wp-image-78\" title=\"recursos\" src=\"https:\/\/esongsentertainment.com\/site\/wp-content\/uploads\/2011\/09\/recursos.jpg\" alt=\"\" width=\"619\" height=\"187\" srcset=\"https:\/\/esongsentertainment.com\/wp-content\/uploads\/2011\/09\/recursos.jpg 619w, https:\/\/esongsentertainment.com\/wp-content\/uploads\/2011\/09\/recursos-300x90.jpg 300w\" sizes=\"(max-width: 619px) 100vw, 619px\" \/><\/h3>\n<p>&nbsp;<\/p>\n<h4>TWITTER DE CAMPA\u00d1A<\/h4>\n<h5>1. Aumentar los seguidores en Twitter a\u00a0 trav\u00e9s de\u00a0 Campa\u00f1as dirigidas:<\/h5>\n<p>Usamos palabras claves espec\u00edficas para ayudar a que esto suceda , construcci\u00f3n de seguidores en Twitter. Tambi\u00e9n vamos a mantenerlo de forma que la relaci\u00f3n entre usted est\u00e1 siguiendo a qui\u00e9n loest\u00e1 siguiendo no se salga de control. Necesitaremos informaci\u00f3n de acceso para esta campa\u00f1a.<\/p>\n<ul>\n<li>1000 dirigidas seguidores en Twitter: $ 120<\/li>\n<li>2500 dirigidas seguidores en Twitter: $ 260<\/li>\n<li>5000 dirigidas seguidores en Twitter: $ 430<\/li>\n<li>10000 seguidores de Twitter de destino $ 849<\/li>\n<li>15000 seguidores de Twitter objetivo de $ 600<\/li>\n<li>25000 seguidores de Twitter objetivo de $ 1110<\/li>\n<\/ul>\n<p>&nbsp;<br \/>\n<center><\/p>\n<form action=\"https:\/\/www.paypal.com\/cgi-bin\/webscr\" method=\"post\" data-trp-original-action=\"https:\/\/www.paypal.com\/cgi-bin\/webscr\">\n<input type=\"hidden\" name=\"cmd\" value=\"_s-xclick\"><br \/>\n<input type=\"hidden\" name=\"hosted_button_id\" value=\"NWQB4ECXKV2AE\"><\/p>\n<table>\n<tr>\n<td><input type=\"hidden\" name=\"on0\" value=\"Twitter Campa\u00f1a Dirigida\">Twitter Campa\u00f1a Dirigida<\/td>\n<\/tr>\n<tr>\n<td><select name=\"os0\"><option value=\"1000 dirigidas seguidores en Twitter\">1000 dirigidas seguidores en Twitter$120.00 USD<\/option><option value=\"2500 dirigidas seguidores en Twitter\">2500 dirigidas seguidores en Twitter$260.00 USD<\/option><option value=\"5000 dirigidas seguidores en Twitter\">5000 dirigidas seguidores en Twitter$430.00 USD<\/option><option value=\"10000 dirigidas seguidores en Twitter\">10000 dirigidas seguidores en Twitter$849.00 USD<\/option><option value=\"15000 dirigidas seguidores en Twitter\">15000 dirigidas seguidores en Twitter$600.00 USD<\/option><option value=\"25000 seguidores de Twitter objetivo de\">25000 seguidores de Twitter objetivo de$1,110.00 USD<\/option><\/select> <\/td>\n<\/tr>\n<\/table>\n<p><input type=\"hidden\" name=\"currency_code\" value=\"USD\"><br \/>\n<input type=\"image\" src=\"https:\/\/www.paypalobjects.com\/es_XC\/i\/btn\/btn_buynowCC_LG.gif\" border=\"0\" name=\"submit\" alt=\"PayPal, la forma m\u00e1s segura y r\u00e1pida de pagar en l\u00ednea.\"><br \/>\n<img decoding=\"async\" alt=\"\" border=\"0\" src=\"https:\/\/www.paypalobjects.com\/es_XC\/i\/scr\/pixel.gif\" width=\"1\" height=\"1\"><br \/>\n<input type=\"hidden\" name=\"trp-form-language\" value=\"en\"\/><\/form>\n<p><\/center><\/p>\n<h5>2. Presupuesto de Twitter Seguidor Campa\u00f1a Builder:<\/h5>\n<p>Al azar seguidores en Twitter<\/p>\n<ul>\n<li>500 seguidores en Twitter: $ 25<\/li>\n<li>1000 seguidores en Twitter: $ 45<\/li>\n<li>2000 seguidores en Twitter: $ 75<\/li>\n<li>4000 seguidores en Twitter $ 130<\/li>\n<li>50.000 seguidores en Twitter 1100<\/li>\n<\/ul>\n<p>&nbsp;<\/p>\n<p><center><\/p>\n<form action=\"https:\/\/www.paypal.com\/cgi-bin\/webscr\" method=\"post\" data-trp-original-action=\"https:\/\/www.paypal.com\/cgi-bin\/webscr\">\n<input type=\"hidden\" name=\"cmd\" value=\"_s-xclick\"><br \/>\n<input type=\"hidden\" name=\"hosted_button_id\" value=\"CDM3DH3C653KY\"><\/p>\n<table>\n<tr>\n<td><input type=\"hidden\" name=\"on0\" value=\"500 seguidores en Twitter\">500 seguidores en Twitter<\/td>\n<\/tr>\n<tr>\n<td><select name=\"os0\"><option value=\"500 seguidores en Twitter\">500 seguidores en Twitter$25.00 USD<\/option><option value=\"1000 seguidores en Twitter\">1000 seguidores en Twitter$45.00 USD<\/option><option value=\"2000 seguidores en Twitter\">2000 seguidores en Twitter$75.00 USD<\/option><option value=\"4000 seguidores en Twitter\">4000 seguidores en Twitter$130.00 USD<\/option><option value=\"50000 seguidores en Twitter\">50000 seguidores en Twitter$1,100.00 USD<\/option><\/select> <\/td>\n<\/tr>\n<\/table>\n<p><input type=\"hidden\" name=\"currency_code\" value=\"USD\"><br \/>\n<input type=\"image\" src=\"https:\/\/www.paypalobjects.com\/es_XC\/i\/btn\/btn_buynowCC_LG.gif\" border=\"0\" name=\"submit\" alt=\"PayPal, la forma m\u00e1s segura y r\u00e1pida de pagar en l\u00ednea.\"><br \/>\n<img decoding=\"async\" alt=\"\" border=\"0\" src=\"https:\/\/www.paypalobjects.com\/es_XC\/i\/scr\/pixel.gif\" width=\"1\" height=\"1\"><br \/>\n<input type=\"hidden\" name=\"trp-form-language\" value=\"en\"\/><\/form>\n<p><\/center><\/p>\n<p>&nbsp;<\/p>\n<h5>POR FAVOR NOTA: no damos garant\u00edas sobre el plazo para completarla.<\/h5>\n<p>1. Necesitamos su informaci\u00f3n de acceso de Twitter<br \/>\n2. Palabras clave + Ubicaci\u00f3n de destino.<br \/>\n3. Tiempo para los seguidores de recolecci\u00f3n var\u00edan seg\u00fan el perfil de cliente (1000 + Dirigida seguidores en Twitter es m\u00e1s lento y sin garant\u00edas en el marco de tiempo, pero usted ser\u00e1 feliz con los resultados!<\/p>","protected":false},"excerpt":{"rendered":"<p>&nbsp; TWITTER DE CAMPA\u00d1A 1. Aumentar los seguidores en Twitter a\u00a0 trav\u00e9s de\u00a0 Campa\u00f1as dirigidas: Usamos palabras claves espec\u00edficas para ayudar a que esto suceda , construcci\u00f3n de seguidores en Twitter. Tambi\u00e9n vamos a mantenerlo de forma que la relaci\u00f3n entre usted est\u00e1 siguiendo a qui\u00e9n loest\u00e1 siguiendo no se salga de control. Necesitaremos informaci\u00f3n [&hellip;]<\/p>","protected":false},"author":88893,"featured_media":0,"parent":0,"menu_order":0,"comment_status":"open","ping_status":"closed","template":"","meta":{"footnotes":""},"class_list":["post-4896","page","type-page","status-publish","hentry"],"_links":{"self":[{"href":"https:\/\/esongsentertainment.com\/en\/wp-json\/wp\/v2\/pages\/4896","targetHints":{"allow":["GET"]}}],"collection":[{"href":"https:\/\/esongsentertainment.com\/en\/wp-json\/wp\/v2\/pages"}],"about":[{"href":"https:\/\/esongsentertainment.com\/en\/wp-json\/wp\/v2\/types\/page"}],"author":[{"embeddable":true,"href":"https:\/\/esongsentertainment.com\/en\/wp-json\/wp\/v2\/users\/88893"}],"replies":[{"embeddable":true,"href":"https:\/\/esongsentertainment.com\/en\/wp-json\/wp\/v2\/comments?post=4896"}],"version-history":[{"count":0,"href":"https:\/\/esongsentertainment.com\/en\/wp-json\/wp\/v2\/pages\/4896\/revisions"}],"wp:attachment":[{"href":"https:\/\/esongsentertainment.com\/en\/wp-json\/wp\/v2\/media?parent=4896"}],"curies":[{"name":"wp","href":"https:\/\/api.w.org\/{rel}","templated":true}]}}